{"id":8347,"date":"2025-04-30T05:43:06","date_gmt":"2025-04-30T05:43:06","guid":{"rendered":"https:\/\/teknodahi.com\/regalien\/?page_id=8347"},"modified":"2026-05-10T18:46:46","modified_gmt":"2026-05-10T18:46:46","slug":"koleksiyonlar","status":"publish","type":"page","link":"https:\/\/regalien.com\/en\/koleksiyonlar\/","title":{"rendered":"Collections"},"content":{"rendered":"<style id=\"regalien-koleksiyonlar-grid\">.rg-coll-page{max-width:100%;margin:0;padding:0}.rg-coll-page__title{text-align:center;font-size:36px;font-weight:400;letter-spacing:.15em;text-transform:uppercase;margin:60px 0 12px;color:#000}.rg-coll-page__sub{text-align:center;font-size:14px;letter-spacing:.05em;color:#666;margin:0 0 50px}.rg-coll-grid{display:grid;grid-template-columns:repeat(3,1fr);gap:0}.rg-coll-card{display:block;aspect-ratio:1\/1;background:#f5f3ee;border:0;position:relative;text-decoration:none!important;color:#000!important;transition:background .35s ease,color .35s ease}.rg-coll-card:hover{background:#000;color:#fff!important}.rg-coll-card:hover .rg-coll-card__title,.rg-coll-card:hover .rg-coll-card__cta{color:#fff!important}.rg-coll-card__inner{position:absolute;inset:0;display:flex;flex-direction:column;justify-content:center;align-items:center;text-align:center;padding:28px 20px}.rg-coll-card__title{font-size:22px;font-weight:400;line-height:1.3;margin:0 0 16px;letter-spacing:.12em;text-transform:uppercase;color:#000;transition:color .35s ease}.rg-coll-card__cta{display:inline-block;font-size:11px;letter-spacing:.2em;text-transform:uppercase;border-bottom:1px solid currentColor;padding-bottom:3px;color:#555;transition:color .35s ease}@media (max-width:800px){.rg-coll-page__title{font-size:26px;margin-top:40px}.rg-coll-page__sub{font-size:13px;margin-bottom:30px}.rg-coll-grid{grid-template-columns:repeat(2,1fr)}.rg-coll-card__title{font-size:15px;margin-bottom:12px;letter-spacing:.08em}.rg-coll-card__cta{font-size:10px}.rg-coll-card__inner{padding:18px 12px}}<\/style>\n<div class=\"rg-coll-page\"><h1 class=\"rg-coll-page__title\">Collections<\/h1><p class=\"rg-coll-page__sub\">R\u00e9galien&#8217;in zamans\u0131z zarafetini koleksiyonlar\u0131m\u0131zla ke\u015ffedin.<\/p><div class=\"rg-coll-grid\"><a class=\"rg-coll-card\" href=\"https:\/\/regalien.com\/en\/koleksiyonlar\/heritage-collection\/\"><span class=\"rg-coll-card__inner\"><span class=\"rg-coll-card__title\">Heritage Collection<\/span><span class=\"rg-coll-card__cta\">Discover<\/span><\/span><\/a><a class=\"rg-coll-card\" href=\"https:\/\/regalien.com\/en\/koleksiyonlar\/turkish-bath-rituals\/\"><span class=\"rg-coll-card__inner\"><span class=\"rg-coll-card__title\">Turkish Bath Rituals<\/span><span class=\"rg-coll-card__cta\">Discover<\/span><\/span><\/a><a class=\"rg-coll-card\" href=\"https:\/\/regalien.com\/en\/koleksiyonlar\/exclusive-collection\/\"><span class=\"rg-coll-card__inner\"><span class=\"rg-coll-card__title\">Exclusive Collection<\/span><span class=\"rg-coll-card__cta\">Discover<\/span><\/span><\/a><a class=\"rg-coll-card\" href=\"https:\/\/regalien.com\/en\/koleksiyonlar\/lucky-collection\/\"><span class=\"rg-coll-card__inner\"><span class=\"rg-coll-card__title\">Lucky Collection<\/span><span class=\"rg-coll-card__cta\">Discover<\/span><\/span><\/a><a class=\"rg-coll-card\" href=\"https:\/\/regalien.com\/en\/koleksiyonlar\/discovery-set\/\"><span class=\"rg-coll-card__inner\"><span class=\"rg-coll-card__title\">Discovery Set<\/span><span class=\"rg-coll-card__cta\">Discover<\/span><\/span><\/a><\/div><\/div>","protected":false},"excerpt":{"rendered":"<p>Koleksiyonlar R\u00e9galien&#8217;in zamans\u0131z zarafetini koleksiyonlar\u0131m\u0131zla ke\u015ffedin. Heritage CollectionKe\u015ffetTurkish Bath RitualsKe\u015ffetExclusive [&hellip;]<\/p>\n","protected":false},"author":1,"featured_media":0,"parent":0,"menu_order":0,"comment_status":"closed","ping_status":"closed","template":"100-width.php","meta":{"footnotes":""},"class_list":["post-8347","page","type-page","status-publish","hentry"],"yoast_head":"<!-- This site is optimized with the Yoast SEO plugin v27.6 - https:\/\/yoast.com\/product\/yoast-seo-wordpress\/ -->\n<title>Koleksiyonlar - Regalien<\/title>\n<meta name=\"robots\" content=\"index, follow, max-snippet:-1, max-image-preview:large, max-video-preview:-1\" \/>\n<link rel=\"canonical\" href=\"https:\/\/regalien.com\/en\/koleksiyonlar\/\" \/>\n<meta property=\"og:locale\" content=\"en_US\" \/>\n<meta property=\"og:type\" content=\"article\" \/>\n<meta property=\"og:title\" content=\"Koleksiyonlar - Regalien\" \/>\n<meta property=\"og:description\" content=\"Koleksiyonlar R\u00e9galien&#8217;in zamans\u0131z zarafetini koleksiyonlar\u0131m\u0131zla ke\u015ffedin. Heritage CollectionKe\u015ffetTurkish Bath RitualsKe\u015ffetExclusive [&hellip;]\" \/>\n<meta property=\"og:url\" content=\"https:\/\/regalien.com\/en\/koleksiyonlar\/\" \/>\n<meta property=\"og:site_name\" content=\"Regalien\" \/>\n<meta property=\"article:modified_time\" content=\"2026-05-10T18:46:46+00:00\" \/>\n<meta name=\"twitter:card\" content=\"summary_large_image\" \/>\n<script type=\"application\/ld+json\" class=\"yoast-schema-graph\">{\"@context\":\"https:\\\/\\\/schema.org\",\"@graph\":[{\"@type\":\"WebPage\",\"@id\":\"https:\\\/\\\/regalien.com\\\/koleksiyonlar\\\/\",\"url\":\"https:\\\/\\\/regalien.com\\\/koleksiyonlar\\\/\",\"name\":\"Koleksiyonlar - Regalien\",\"isPartOf\":{\"@id\":\"https:\\\/\\\/regalien.com\\\/#website\"},\"datePublished\":\"2025-04-30T05:43:06+00:00\",\"dateModified\":\"2026-05-10T18:46:46+00:00\",\"breadcrumb\":{\"@id\":\"https:\\\/\\\/regalien.com\\\/koleksiyonlar\\\/#breadcrumb\"},\"inLanguage\":\"en-US\",\"potentialAction\":[{\"@type\":\"ReadAction\",\"target\":[\"https:\\\/\\\/regalien.com\\\/koleksiyonlar\\\/\"]}]},{\"@type\":\"BreadcrumbList\",\"@id\":\"https:\\\/\\\/regalien.com\\\/koleksiyonlar\\\/#breadcrumb\",\"itemListElement\":[{\"@type\":\"ListItem\",\"position\":1,\"name\":\"Home\",\"item\":\"https:\\\/\\\/regalien.com\\\/\"},{\"@type\":\"ListItem\",\"position\":2,\"name\":\"Koleksiyonlar\"}]},{\"@type\":\"WebSite\",\"@id\":\"https:\\\/\\\/regalien.com\\\/#website\",\"url\":\"https:\\\/\\\/regalien.com\\\/\",\"name\":\"Regalien\",\"description\":\"\",\"potentialAction\":[{\"@type\":\"SearchAction\",\"target\":{\"@type\":\"EntryPoint\",\"urlTemplate\":\"https:\\\/\\\/regalien.com\\\/?s={search_term_string}\"},\"query-input\":{\"@type\":\"PropertyValueSpecification\",\"valueRequired\":true,\"valueName\":\"search_term_string\"}}],\"inLanguage\":\"en-US\"}]}<\/script>\n<!-- \/ Yoast SEO plugin. -->","yoast_head_json":{"title":"Koleksiyonlar - Regalien","robots":{"index":"index","follow":"follow","max-snippet":"max-snippet:-1","max-image-preview":"max-image-preview:large","max-video-preview":"max-video-preview:-1"},"canonical":"https:\/\/regalien.com\/en\/koleksiyonlar\/","og_locale":"en_US","og_type":"article","og_title":"Koleksiyonlar - Regalien","og_description":"Koleksiyonlar R\u00e9galien&#8217;in zamans\u0131z zarafetini koleksiyonlar\u0131m\u0131zla ke\u015ffedin. Heritage CollectionKe\u015ffetTurkish Bath RitualsKe\u015ffetExclusive [&hellip;]","og_url":"https:\/\/regalien.com\/en\/koleksiyonlar\/","og_site_name":"Regalien","article_modified_time":"2026-05-10T18:46:46+00:00","twitter_card":"summary_large_image","schema":{"@context":"https:\/\/schema.org","@graph":[{"@type":"WebPage","@id":"https:\/\/regalien.com\/koleksiyonlar\/","url":"https:\/\/regalien.com\/koleksiyonlar\/","name":"Koleksiyonlar - Regalien","isPartOf":{"@id":"https:\/\/regalien.com\/#website"},"datePublished":"2025-04-30T05:43:06+00:00","dateModified":"2026-05-10T18:46:46+00:00","breadcrumb":{"@id":"https:\/\/regalien.com\/koleksiyonlar\/#breadcrumb"},"inLanguage":"en-US","potentialAction":[{"@type":"ReadAction","target":["https:\/\/regalien.com\/koleksiyonlar\/"]}]},{"@type":"BreadcrumbList","@id":"https:\/\/regalien.com\/koleksiyonlar\/#breadcrumb","itemListElement":[{"@type":"ListItem","position":1,"name":"Home","item":"https:\/\/regalien.com\/"},{"@type":"ListItem","position":2,"name":"Koleksiyonlar"}]},{"@type":"WebSite","@id":"https:\/\/regalien.com\/#website","url":"https:\/\/regalien.com\/","name":"Regalien","description":"","potentialAction":[{"@type":"SearchAction","target":{"@type":"EntryPoint","urlTemplate":"https:\/\/regalien.com\/?s={search_term_string}"},"query-input":{"@type":"PropertyValueSpecification","valueRequired":true,"valueName":"search_term_string"}}],"inLanguage":"en-US"}]}},"_links":{"self":[{"href":"https:\/\/regalien.com\/en\/wp-json\/wp\/v2\/pages\/8347","targetHints":{"allow":["GET"]}}],"collection":[{"href":"https:\/\/regalien.com\/en\/wp-json\/wp\/v2\/pages"}],"about":[{"href":"https:\/\/regalien.com\/en\/wp-json\/wp\/v2\/types\/page"}],"author":[{"embeddable":true,"href":"https:\/\/regalien.com\/en\/wp-json\/wp\/v2\/users\/1"}],"replies":[{"embeddable":true,"href":"https:\/\/regalien.com\/en\/wp-json\/wp\/v2\/comments?post=8347"}],"version-history":[{"count":3,"href":"https:\/\/regalien.com\/en\/wp-json\/wp\/v2\/pages\/8347\/revisions"}],"predecessor-version":[{"id":10331,"href":"https:\/\/regalien.com\/en\/wp-json\/wp\/v2\/pages\/8347\/revisions\/10331"}],"wp:attachment":[{"href":"https:\/\/regalien.com\/en\/wp-json\/wp\/v2\/media?parent=8347"}],"curies":[{"name":"wp","href":"https:\/\/api.w.org\/{rel}","templated":true}]}}