{"id":9312,"date":"2025-05-24T09:17:45","date_gmt":"2025-05-24T09:17:45","guid":{"rendered":"https:\/\/teknodahi.com\/regalien\/?page_id=9312"},"modified":"2025-05-24T09:17:45","modified_gmt":"2025-05-24T09:17:45","slug":"gizlilik-politikasi","status":"publish","type":"page","link":"https:\/\/regalien.com\/en\/gizlilik-politikasi\/","title":{"rendered":"Privacy Policy"},"content":{"rendered":"<div class=\"fusion-fullwidth fullwidth-box fusion-builder-row-1 fusion-flex-container has-pattern-background has-mask-background nonhundred-percent-fullwidth non-hundred-percent-height-scrolling\" style=\"--awb-border-radius-top-left:0px;--awb-border-radius-top-right:0px;--awb-border-radius-bottom-right:0px;--awb-border-radius-bottom-left:0px;--awb-flex-wrap:wrap;\" ><div class=\"fusion-builder-row fusion-row fusion-flex-align-items-flex-start fusion-flex-content-wrap\" style=\"max-width:1268.8px;margin-left: calc(-4% \/ 2 );margin-right: calc(-4% \/ 2 );\"><div class=\"fusion-layout-column fusion_builder_column fusion-builder-column-0 fusion_builder_column_1_1 1_1 fusion-flex-column\" style=\"--awb-bg-size:cover;--awb-width-large:100%;--awb-margin-top-large:0px;--awb-spacing-right-large:1.92%;--awb-margin-bottom-large:20px;--awb-spacing-left-large:1.92%;--awb-width-medium:100%;--awb-order-medium:0;--awb-spacing-right-medium:1.92%;--awb-spacing-left-medium:1.92%;--awb-width-small:100%;--awb-order-small:0;--awb-spacing-right-small:1.92%;--awb-spacing-left-small:1.92%;\"><div class=\"fusion-column-wrapper fusion-column-has-shadow fusion-flex-justify-content-flex-start fusion-content-layout-column\"><div class=\"fusion-text fusion-text-1\"><p class=\"p2\"><b>Ki\u015fisel Verilerin Korunmas\u0131<\/b><\/p>\n<p class=\"p3\"><b>SPADA KOZMET\u0130K \u00dcR\u00dcNLER\u0130 SANAY\u0130 T\u0130C. LTD. \u015eT\u0130. <\/b>ile payla\u015ft\u0131\u011f\u0131n\u0131z ki\u015fisel verileriniz, \u015firketimizin korumas\u0131 alt\u0131ndad\u0131r. \u015eirketimiz ki\u015fisel verilerinizin g\u00fcvenli \u015fekilde tutulmas\u0131 ve 6698 Say\u0131l\u0131 Ki\u015fisel Verilerin Korunmas\u0131 Kanunu\u2019na uygun olarak i\u015flenmesi i\u00e7in gerekli teknik ve idari tedbirleri uygulamaktad\u0131r.<br \/>\nAl\u0131\u015fveri\u015f Noktas\u0131 olarak, yapt\u0131\u011f\u0131m\u0131z ileti\u015fimler ve Ki\u015fisel Verilerinizin \u0130\u015flenmesi ile ilgili uygulamalar\u0131m\u0131z ve Ki\u015fisel Verilerin Korunmas\u0131 Kanunu kapsam\u0131ndaki haklar\u0131n\u0131z hususunda sizleri bilgilendirmek isteriz.<\/p>\n<p class=\"p2\"><b>Ki\u015fisel bilgilerinizden kim sorumludur?<\/b><\/p>\n<p class=\"p3\"><b>Z\u00fcmr\u00fct Elif Ko\u00e7yi\u011fit<\/b>\u00a0 yurti\u00e7indeki\/yurtd\u0131\u015f\u0131ndaki mevcut ve\/veya m\u00fcstakbel, ba\u011fl\u0131 kurulu\u015flar\u0131n\u0131, i\u015ftiraklerini, ortak te\u015febb\u00fcslerini ve bunlar\u0131n t\u00fcm \u015fubeleri ile ofislerini ifade eder), 6698 say\u0131l\u0131 Ki\u015fisel Verilerin Korunmas\u0131 Kanunu\u2019nda (\u201cKVKK\u201d) tan\u0131ml\u0131 \u015fekli ile \u201cVeri Sorumlusu\u201d s\u0131fat\u0131yla ki\u015fisel verilerinizi a\u015fa\u011f\u0131da izah edildi\u011fi surette ve mevzuat taraf\u0131ndan emredilen s\u0131n\u0131rlar \u00e7er\u00e7evesinde i\u015flemekteyiz.<\/p>\n<p class=\"p2\"><b>Ki\u015fisel Verilerin Toplanmas\u0131, \u0130\u015flenmesi ve \u0130\u015flenme Ama\u00e7lar\u0131<\/b><\/p>\n<p class=\"p3\">Ki\u015fisel verileriniz, Al\u0131\u015fveri\u015f Noktas\u0131 taraf\u0131ndan sa\u011flanan hizmet ve ticari faaliyetlerine ba\u011fl\u0131 olarak de\u011fi\u015fkenlik g\u00f6sterebilmekle birlikte; otomatik ya da otomatik olmayan y\u00f6ntemlerle, Al\u0131\u015fveri\u015f Noktas\u0131 birimleri ve ofisler, internet sitesi, sosyal medya mecralar\u0131, mobil uygulamalar ve benzeri vas\u0131talarla s\u00f6zl\u00fc, yaz\u0131l\u0131 ya da elektronik olarak toplanabilecektir. Al\u0131\u015fveri\u015f Noktas\u0131 sundu\u011fu \u00fcr\u00fcn ve hizmetlerden yararland\u0131\u011f\u0131n\u0131z m\u00fcddet\u00e7e olu\u015fturularak ve g\u00fcncellenerek ki\u015fisel verileriniz i\u015flenebilecektir.<br \/>\nAyr\u0131ca, Al\u0131\u015fveri\u015f Noktas\u0131 hizmetlerini kullanmak amac\u0131yla \u00e7a\u011fr\u0131 merkezlerimizi veya internet sayfam\u0131z\u0131 kulland\u0131\u011f\u0131n\u0131zda veya internet sitemizi ziyaret etti\u011finizde, Al\u0131\u015fveri\u015f Noktas\u0131\u2019n\u0131n d\u00fczenledi\u011fi organizasyonlara kat\u0131ld\u0131\u011f\u0131n\u0131zda ki\u015fisel verileriniz i\u015flenebilecektir.<br \/>\nToplanan ki\u015fisel verileriniz, Al\u0131\u015fveri\u015f Noktas\u0131 taraf\u0131ndan sunulan \u00fcr\u00fcn ve hizmetlerden sizleri faydaland\u0131rmak i\u00e7in gerekli \u00e7al\u0131\u015fmalar\u0131n i\u015f birimlerimiz taraf\u0131ndan yap\u0131lmas\u0131, Al\u0131\u015fveri\u015f Noktas\u0131 taraf\u0131ndan sunulan \u00fcr\u00fcn ve hizmetlerin sizlerin be\u011feni, kullan\u0131m al\u0131\u015fkanl\u0131klar\u0131 ve ihtiya\u00e7lar\u0131na g\u00f6re \u00f6zelle\u015ftirilerek sizlere \u00f6nerilmesi, Al\u0131\u015fveri\u015f Noktas\u0131 ile i\u015f ili\u015fkisi i\u00e7erisinde olan ki\u015filerin hukuki ve ticari g\u00fcvenli\u011finin temini, ticari ve i\u015f stratejilerinin belirlenmesi ve uygulanmas\u0131 ama\u00e7lar\u0131yla KVKK\u2019n\u0131n 5. ve 6. maddelerinde belirtilen ki\u015fisel veri i\u015fleme \u015fartlar\u0131 ve ama\u00e7lar\u0131 d\u00e2hilinde i\u015flenecektir.<\/p>\n<p class=\"p2\"><b>\u0130\u015flenen Ki\u015fisel Verilerin Kimlere ve Hangi Ama\u00e7la Aktar\u0131labilece\u011fi<\/b><\/p>\n<p class=\"p3\">Toplanan ki\u015fisel verileriniz; Al\u0131\u015fveri\u015f Noktas\u0131 taraf\u0131ndan sunulan \u00fcr\u00fcn ve hizmetlerden sizleri faydaland\u0131rmak i\u00e7in gerekli \u00e7al\u0131\u015fmalar\u0131n i\u015f birimlerimiz taraf\u0131ndan yap\u0131lmas\u0131, Al\u0131\u015fveri\u015f Noktas\u0131 taraf\u0131ndan sunulan \u00fcr\u00fcn ve hizmetlerin sizlerin be\u011feni, kullan\u0131m al\u0131\u015fkanl\u0131klar\u0131 ve ihtiya\u00e7lar\u0131na g\u00f6re \u00f6zelle\u015ftirilerek sizlere \u00f6nerilmesi, Al\u0131\u015fveri\u015f Noktas\u0131 ile i\u015f ili\u015fkisi i\u00e7erisinde olan ki\u015filerin hukuki ve ticari g\u00fcvenli\u011finin temini, ticari ve i\u015f stratejilerinin belirlenmesi ve uygulanmas\u0131 ile ama\u00e7lar\u0131yla i\u015f ortaklar\u0131m\u0131za, tedarik\u00e7ilerimize, yetkililerine, hissedarlar\u0131m\u0131za, kanunen yetkili kamu kurumlar\u0131 ve \u00f6zel ki\u015filere, KVKK\u2019n\u0131n 8. ve 9. maddelerinde belirtilen ki\u015fisel veri i\u015fleme \u015fartlar\u0131 ve ama\u00e7lar\u0131 \u00e7er\u00e7evesinde aktar\u0131labilecektir.<\/p>\n<p class=\"p2\"><b>Ki\u015fisel Veri Toplaman\u0131n Y\u00f6ntemi ve Hukuki Sebebi<\/b><\/p>\n<p class=\"p3\">Ki\u015fisel verileriniz, her t\u00fcrl\u00fc s\u00f6zl\u00fc, yaz\u0131l\u0131 ya da elektronik ortamda, yukar\u0131da yer verilen ama\u00e7lar do\u011frultusunda \u015eirket\u00e7e sundu\u011fumuz \u00fcr\u00fcn ve hizmetlerin belirlenen yasal \u00e7er\u00e7evede sunulabilmesi ve bu kapsamda \u015eirketimizin s\u00f6zle\u015fme ve yasadan do\u011fan mesuliyetlerini eksiksiz ve do\u011fru bir \u015fekilde yerine getirebilmesi gayesi ile edinilir. Bu hukuki sebeple toplanan ki\u015fisel verileriniz KVKK\u2019n\u0131n 5. ve 6. maddelerinde belirtilen ki\u015fisel veri i\u015fleme \u015fartlar\u0131 ve ama\u00e7lar\u0131 kapsam\u0131nda bu metnin (1) ve (2) numaral\u0131 maddelerinde belirtilen ama\u00e7larla da i\u015flenebilmekte ve aktar\u0131labilmektedir.<\/p>\n<p class=\"p2\"><b>Di\u011fer sa\u011flay\u0131c\u0131lar\u0131n web sitelerine ba\u011flant\u0131lar<\/b><\/p>\n<p class=\"p3\">Sitemiz, di\u011fer sa\u011flay\u0131c\u0131lar\u0131n web sitelerine linkler i\u00e7erebilir. Ba\u011flant\u0131 kurulduktan sonra do\u011frudan ba\u011flant\u0131l\u0131 web sitelerini kontrol eden Al\u0131\u015fveri\u015f Noktas\u0131, yasal ihlallerden ar\u0131nm\u0131\u015f olduklar\u0131n\u0131 belirtmi\u015ftir. Bununla birlikte, Al\u0131\u015fveri\u015f Noktas\u0131 ba\u011flant\u0131l\u0131 web sitelerinin i\u00e7eri\u011fi \u00fczerinde hi\u00e7bir etkisi yoktur ve bunlar\u0131 s\u00fcrekli olarak izleyemez. Dolay\u0131s\u0131yla, ba\u011flant\u0131 olu\u015fturulduktan sonra de\u011fi\u015ftirilen ba\u011flant\u0131l\u0131 web sitelerinin i\u00e7eri\u011fi i\u00e7in Al\u0131\u015fveri\u015f Noktas\u0131 hi\u00e7bir sorumluluk kabul etmez. Bu veri koruma anla\u015fmas\u0131, di\u011fer sa\u011flay\u0131c\u0131lar\u0131n ba\u011flant\u0131l\u0131 web siteleri i\u00e7in ge\u00e7erli de\u011fildir.<\/p>\n<p class=\"p2\"><b>\u00c7erezler<\/b><\/p>\n<p class=\"p3\">\u00c7erezler, bilgisayar\u0131n\u0131zda saklanan ve taray\u0131c\u0131n\u0131z taraf\u0131ndan kaydedilen k\u00fc\u00e7\u00fck metin dosyalar\u0131d\u0131r. Tan\u0131mlama bilgileri bilgisayar\u0131n\u0131za zarar vermez ve bilgisayar vir\u00fcs\u00fc i\u00e7ermez. \u00c7o\u011fu taray\u0131c\u0131, \u00e7erezleri otomatik olarak kabul edecek \u015fekilde ayarlanm\u0131\u015ft\u0131r. Ancak, bu i\u015flevi taray\u0131c\u0131n\u0131zda devre d\u0131\u015f\u0131 b\u0131rakma se\u00e7ene\u011finiz vard\u0131r. Al\u0131\u015fveri\u015f Noktas\u0131, web sitesini daha kullan\u0131c\u0131 dostu, daha etkili ve daha g\u00fcvenli hale getirmek i\u00e7in \u00e7erezleri kullan\u0131r. \u00c7erezlerimiz belirli ki\u015filerle ilgili hi\u00e7bir bilgi i\u00e7ermemektedir. Bizim taraf\u0131m\u0131zdan kullan\u0131lan \u00e7erezler \u201coturum \u00e7erezleri\u201d olarak adland\u0131r\u0131l\u0131r. Ziyaretinizin sonunda otomatik olarak silinir. Tabii ki web sitemizi de \u00e7erez olmadan g\u00f6rmek de m\u00fcmk\u00fcn. Ancak, bunun web sitemizin i\u015flevini s\u0131n\u0131rlayabilece\u011fini l\u00fctfen unutmay\u0131n.<\/p>\n<p class=\"p2\"><b>Ki\u015fisel Veri Sahibi\u2019nin Haklar\u0131<\/b><\/p>\n<p class=\"p3\"><i>KVKK\u2019n\u0131n 11.maddesine istinaden;<\/i><br \/>\n(i) Ki\u015fisel veri i\u015flenip i\u015flenmedi\u011fini \u00f6\u011frenme, (ii) Ki\u015fisel verileri i\u015flenmi\u015fse buna ili\u015fkin bilgi talep etme, (iii) Ki\u015fisel verilerin i\u015flenme amac\u0131n\u0131 ve bunlar\u0131n amac\u0131na uygun kullan\u0131l\u0131p kullan\u0131lmad\u0131\u011f\u0131n\u0131 \u00f6\u011frenme, (iv) Yurt i\u00e7inde veya yurt d\u0131\u015f\u0131nda ki\u015fisel verilerin aktar\u0131ld\u0131\u011f\u0131 \u00fc\u00e7\u00fcnc\u00fc ki\u015fileri bilme, (v) Ki\u015fisel verilerin eksik veya yanl\u0131\u015f i\u015flenmi\u015f olmas\u0131 h\u00e2linde bunlar\u0131n d\u00fczeltilmesini isteme, (vi) 7 nci maddede \u00f6ng\u00f6r\u00fclen \u015fartlar \u00e7er\u00e7evesinde ki\u015fisel verilerin silinmesini veya yok edilmesini isteme, (vii) (d) ve (e) bentleri uyar\u0131nca yap\u0131lan i\u015flemlerin, ki\u015fisel verilerin aktar\u0131ld\u0131\u011f\u0131 \u00fc\u00e7\u00fcnc\u00fc ki\u015filere bildirilmesini isteme, (viii) \u0130\u015flenen verilerin m\u00fcnhas\u0131ran otomatik sistemler vas\u0131tas\u0131yla analiz edilmesi suretiyle ki\u015finin kendisi aleyhine bir sonucun ortaya \u00e7\u0131kmas\u0131na itiraz etme, (ix) Ki\u015fisel verilerin kanuna ayk\u0131r\u0131 olarak i\u015flenmesi sebebiyle zarara u\u011framas\u0131 h\u00e2linde zarar\u0131n giderilmesini talep etme, haklar\u0131na sahipsiniz.<br \/>\nKi\u015fisel veri sahipleri olarak, haklar\u0131n\u0131za ili\u015fkin taleplerinizi, i\u015fbu Ki\u015fisel Verilerin \u0130\u015flenmesi Ayd\u0131nlatma Metni\u2019nde a\u015fa\u011f\u0131da d\u00fczenlenen y\u00f6ntemlerle \u015eirketimize iletmeniz durumunda \u015eirketimiz talebin niteli\u011fine g\u00f6re talebi en ge\u00e7 otuz g\u00fcn i\u00e7inde \u00fccretsiz olarak sonu\u00e7land\u0131racakt\u0131r. Ancak, Ki\u015fisel Verileri Koruma Kurulunca bir \u00fccret \u00f6ng\u00f6r\u00fclmesi halinde, \u015eirketimiz taraf\u0131ndan belirlenen tarifedeki \u00fccret al\u0131nacakt\u0131r.<br \/>\nKVKK\u2019n\u0131n 13. maddesinin 1. f\u0131kras\u0131 gere\u011fince, yukar\u0131da belirtilen haklar\u0131n\u0131z\u0131 kullanmak ile ilgili talebinizi, yaz\u0131l\u0131 veya Ki\u015fisel Verileri Koruma Kurulu\u2019nun belirledi\u011fi di\u011fer y\u00f6ntemlerle \u015eirketimize iletebilirsiniz. Ki\u015fisel Verileri Koruma Kurulu, \u015fu a\u015famada herhangi bir y\u00f6ntem belirlemedi\u011fi i\u00e7in, ba\u015fvurunuzu, KVKK gere\u011fince, yaz\u0131l\u0131 olarak \u015eirketimize iletmeniz gerekmektedir. Bu kapsamda yukar\u0131da belirtilen haklar\u0131n\u0131z\u0131 kullanmak i\u00e7in kimli\u011finizi tespit edici gerekli bilgiler ile KVKK\u2019n\u0131n 4. maddesi uyar\u0131nca Al\u0131\u015fveri\u015f Noktas\u0131 ki\u015fisel verilerinizi do\u011fru ve gerekti\u011finde g\u00fcncel olarak tutma y\u00fck\u00fcml\u00fcl\u00fc\u011f\u00fc bulunmaktad\u0131r. Bu kapsamda Al\u0131\u015fveri\u015f Noktas\u0131 y\u00fcr\u00fcrl\u00fckteki mevzuattan do\u011fan y\u00fck\u00fcml\u00fcl\u00fcklerini yerine getirebilmesi i\u00e7in m\u00fc\u015fterilerimizin Al\u0131\u015fveri\u015f Noktas\u0131 ile do\u011fru ve gerekti\u011finde g\u00fcncel verilerini payla\u015fmas\u0131 gerekmektedir. Verilerinizin herhangi bir surette de\u011fi\u015fikli\u011fe u\u011framas\u0131 halinde a\u015fa\u011f\u0131da belirtilen ileti\u015fim kanallar\u0131ndan bizimle ileti\u015fime ge\u00e7erek verilerinizi g\u00fcncellemenizi rica ederiz.<\/p>\n<\/div><\/div><\/div><\/div><\/div>","protected":false},"excerpt":{"rendered":"","protected":false},"author":1,"featured_media":0,"parent":0,"menu_order":0,"comment_status":"closed","ping_status":"closed","template":"100-width.php","meta":{"footnotes":""},"class_list":["post-9312","page","type-page","status-publish","hentry"],"_links":{"self":[{"href":"https:\/\/regalien.com\/en\/wp-json\/wp\/v2\/pages\/9312","targetHints":{"allow":["GET"]}}],"collection":[{"href":"https:\/\/regalien.com\/en\/wp-json\/wp\/v2\/pages"}],"about":[{"href":"https:\/\/regalien.com\/en\/wp-json\/wp\/v2\/types\/page"}],"author":[{"embeddable":true,"href":"https:\/\/regalien.com\/en\/wp-json\/wp\/v2\/users\/1"}],"replies":[{"embeddable":true,"href":"https:\/\/regalien.com\/en\/wp-json\/wp\/v2\/comments?post=9312"}],"version-history":[{"count":0,"href":"https:\/\/regalien.com\/en\/wp-json\/wp\/v2\/pages\/9312\/revisions"}],"wp:attachment":[{"href":"https:\/\/regalien.com\/en\/wp-json\/wp\/v2\/media?parent=9312"}],"curies":[{"name":"wp","href":"https:\/\/api.w.org\/{rel}","templated":true}]}}