{"id":8915,"date":"2025-05-13T19:49:28","date_gmt":"2025-05-13T19:49:28","guid":{"rendered":"https:\/\/teknodahi.com\/regalien\/?post_type=product&#038;p=8915"},"modified":"2025-08-21T07:49:15","modified_gmt":"2025-08-21T07:49:15","slug":"dem","status":"publish","type":"product","link":"https:\/\/regalien.com\/en\/product\/dem\/","title":{"rendered":"Dem"},"content":{"rendered":"<p><div class=\"fusion-fullwidth fullwidth-box fusion-builder-row-1 fusion-flex-container has-pattern-background has-mask-background nonhundred-percent-fullwidth non-hundred-percent-height-scrolling\" style=\"--awb-border-radius-top-left:0px;--awb-border-radius-top-right:0px;--awb-border-radius-bottom-right:0px;--awb-border-radius-bottom-left:0px;--awb-flex-wrap:wrap;\" ><div class=\"fusion-builder-row fusion-row fusion-flex-align-items-flex-start fusion-flex-content-wrap\" style=\"max-width:1268.8px;margin-left: calc(-4% \/ 2 );margin-right: calc(-4% \/ 2 );\"><div class=\"fusion-layout-column fusion_builder_column fusion-builder-column-0 fusion_builder_column_1_2 1_2 fusion-flex-column fusion-flex-align-self-center\" style=\"--awb-bg-size:cover;--awb-width-large:50%;--awb-margin-top-large:0px;--awb-spacing-right-large:3.84%;--awb-margin-bottom-large:0px;--awb-spacing-left-large:3.84%;--awb-width-medium:50%;--awb-order-medium:0;--awb-spacing-right-medium:3.84%;--awb-spacing-left-medium:3.84%;--awb-width-small:100%;--awb-order-small:0;--awb-spacing-right-small:1.92%;--awb-spacing-left-small:1.92%;\"><div class=\"fusion-column-wrapper fusion-column-has-shadow fusion-flex-justify-content-flex-start fusion-content-layout-column\"><div class=\"fusion-title title fusion-title-1 fusion-sep-none fusion-title-center fusion-title-text fusion-title-size-two fusion-animated\" data-animationtype=\"fadeInUp\" data-animationduration=\"1.0\" data-animationdelay=\"0.5\" data-animationoffset=\"top-into-view\"><h2 class=\"fusion-title-heading title-heading-center fusion-responsive-typography-calculated\" style=\"margin:0;--fontSize:40;line-height:var(--awb-typography1-line-height);\">Olfactory Notes<\/h2><\/div><div class=\"fusion-text fusion-text-1 fusion-animated\" style=\"--awb-content-alignment:center;--awb-text-color:var(--awb-color8);\" data-animationtype=\"fadeInUp\" data-animationduration=\"1.0\" data-animationdelay=\"0.7\" data-animationoffset=\"top-into-view\"><p class=\"\" data-start=\"390\" data-end=\"673\">Dem was inspired by the elegance of tea and the rituals of the Ottoman hammam. Its opening notes of white tea, bergamot, neroli, and pink pepper come alive with hints of mate, green tea, black tea, and ginger. The essence concludes with patchouli, amber, and musk, reflecting a simple luxury drawn from nature.<\/p>\n<\/div><div class=\"fusion-text fusion-text-2 fusion-animated\" style=\"--awb-content-alignment:center;--awb-text-color:var(--awb-color8);\" data-animationtype=\"fadeInUp\" data-animationduration=\"1.0\" data-animationdelay=\"0.8\" data-animationoffset=\"top-into-view\"><p class=\"p1\">White Tea, Bergamot, Neroli, Pink Pepper<\/p>\n<p class=\"p1\">Mate, Green Tea, Black Tea, Ginger<\/p>\n<p class=\"p1\">Patchouli, Ambrette Seed, White Musk<\/p>\n<\/div><\/div><\/div><div class=\"fusion-layout-column fusion_builder_column fusion-builder-column-1 fusion_builder_column_1_2 1_2 fusion-flex-column\" style=\"--awb-bg-size:cover;--awb-width-large:50%;--awb-margin-top-large:0px;--awb-spacing-right-large:3.84%;--awb-margin-bottom-large:0px;--awb-spacing-left-large:3.84%;--awb-width-medium:50%;--awb-order-medium:0;--awb-spacing-right-medium:3.84%;--awb-spacing-left-medium:3.84%;--awb-width-small:100%;--awb-order-small:0;--awb-spacing-right-small:1.92%;--awb-spacing-left-small:1.92%;\"><div class=\"fusion-column-wrapper fusion-column-has-shadow fusion-flex-justify-content-flex-start fusion-content-layout-column\"><div class=\"fusion-video fusion-selfhosted-video\" style=\"max-width:100%;\"><div class=\"video-wrapper\"><video playsinline=\"true\" width=\"100%\" style=\"object-fit: cover;\" autoplay=\"true\" muted=\"true\" preload=\"auto\"><source src=\"https:\/\/regalien.com\/wp-content\/uploads\/2025\/05\/dem.mp4\" type=\"video\/mp4\">Sorry, your browser doesn&#039;t support embedded videos.<\/video><\/div><\/div><\/div><\/div><\/div><\/div><div class=\"fusion-fullwidth fullwidth-box fusion-builder-row-2 fusion-flex-container has-pattern-background has-mask-background nonhundred-percent-fullwidth non-hundred-percent-height-scrolling\" style=\"--awb-border-radius-top-left:0px;--awb-border-radius-top-right:0px;--awb-border-radius-bottom-right:0px;--awb-border-radius-bottom-left:0px;--awb-flex-wrap:wrap;\" ><div class=\"fusion-builder-row fusion-row fusion-flex-align-items-flex-start fusion-flex-content-wrap\" style=\"max-width:1268.8px;margin-left: calc(-4% \/ 2 );margin-right: calc(-4% \/ 2 );\"><div class=\"fusion-layout-column fusion_builder_column fusion-builder-column-2 fusion-flex-column\" style=\"--awb-bg-size:cover;--awb-width-large:60%;--awb-margin-top-large:0px;--awb-spacing-right-large:3.2%;--awb-margin-bottom-large:0px;--awb-spacing-left-large:3.2%;--awb-width-medium:60%;--awb-order-medium:0;--awb-spacing-right-medium:3.2%;--awb-spacing-left-medium:3.2%;--awb-width-small:100%;--awb-order-small:0;--awb-spacing-right-small:1.92%;--awb-spacing-left-small:1.92%;\"><div class=\"fusion-column-wrapper fusion-column-has-shadow fusion-flex-justify-content-flex-start fusion-content-layout-column\"><div class=\"fusion-image-element\" style=\"text-align:center;--awb-caption-title-font-family:var(--h2_typography-font-family);--awb-caption-title-font-weight:var(--h2_typography-font-weight);--awb-caption-title-font-style:var(--h2_typography-font-style);--awb-caption-title-size:var(--h2_typography-font-size);--awb-caption-title-transform:var(--h2_typography-text-transform);--awb-caption-title-line-height:var(--h2_typography-line-height);--awb-caption-title-letter-spacing:var(--h2_typography-letter-spacing);\"><span class=\"fusion-imageframe imageframe-none imageframe-1 hover-type-none fusion-animated\" data-animationtype=\"fadeInUp\" data-animationduration=\"1.0\" data-animationdelay=\"0.7\" data-animationoffset=\"top-into-view\"><img decoding=\"async\" width=\"1500\" height=\"1000\" title=\"Dem_listing\" src=\"https:\/\/regalien.com\/wp-content\/uploads\/2025\/05\/Dem_listing.jpg\" alt class=\"img-responsive wp-image-8900\" srcset=\"https:\/\/regalien.com\/wp-content\/uploads\/2025\/05\/Dem_listing-200x133.jpg 200w, https:\/\/regalien.com\/wp-content\/uploads\/2025\/05\/Dem_listing-400x267.jpg 400w, https:\/\/regalien.com\/wp-content\/uploads\/2025\/05\/Dem_listing-600x400.jpg 600w, https:\/\/regalien.com\/wp-content\/uploads\/2025\/05\/Dem_listing-800x533.jpg 800w, https:\/\/regalien.com\/wp-content\/uploads\/2025\/05\/Dem_listing-1200x800.jpg 1200w, https:\/\/regalien.com\/wp-content\/uploads\/2025\/05\/Dem_listing.jpg 1500w\" sizes=\"(max-width: 640px) 100vw, 800px\" \/><\/span><\/div><\/div><\/div><div class=\"fusion-layout-column fusion_builder_column fusion-builder-column-3 fusion-flex-column fusion-flex-align-self-center\" style=\"--awb-bg-size:cover;--awb-width-large:40%;--awb-margin-top-large:0px;--awb-spacing-right-large:4.8%;--awb-margin-bottom-large:0px;--awb-spacing-left-large:4.8%;--awb-width-medium:40%;--awb-order-medium:0;--awb-spacing-right-medium:4.8%;--awb-spacing-left-medium:4.8%;--awb-width-small:100%;--awb-order-small:0;--awb-spacing-right-small:1.92%;--awb-spacing-left-small:1.92%;\"><div class=\"fusion-column-wrapper fusion-column-has-shadow fusion-flex-justify-content-flex-start fusion-content-layout-column\"><div class=\"fusion-title title fusion-title-2 fusion-sep-none fusion-title-center fusion-title-text fusion-title-size-two fusion-animated\" data-animationtype=\"fadeInUp\" data-animationduration=\"1.0\" data-animationdelay=\"0.8\" data-animationoffset=\"top-into-view\"><h2 class=\"fusion-title-heading title-heading-center fusion-responsive-typography-calculated\" style=\"margin:0;--fontSize:40;line-height:var(--awb-typography1-line-height);\"><p data-pm-slice=\"1 1 &#091;&#093;\">DEM: Topraktan Gelen Ar\u0131nman\u0131n Teninizdeki Dans\u0131<\/p><\/h2><\/div><div class=\"fusion-text fusion-text-3 fusion-animated\" style=\"--awb-content-alignment:center;--awb-text-color:var(--awb-color8);\" data-animationtype=\"fadeInUp\" data-animationduration=\"1.0\" data-animationdelay=\"0.7\" data-animationoffset=\"top-into-view\"><p>It\u2019s time to indulge yourself with tea, an inseparable part of our tradition.<\/p>\n<p>In this fragrance, where cleansing and relaxation turn into a delicate ritual, feel the harmony of earth, water, and tea on your skin. The clinking of porcelain cups and the soothing sound of water flowing from the nearby fountain onto the marble floor settle a sense of calm in your mind. Dem is the dance of purification from the earth on your skin\u2026<\/p>\n<\/div><\/div><\/div><\/div><\/div><\/p>","protected":false},"excerpt":{"rendered":"<p style=\"text-align: center;\">Extrait de Parfum<br \/>\n80 ml<\/p>\n<p style=\"text-align: center;\">Clean, Aromatic, Woody<\/p>\n<p style=\"text-align: center;\">The legendary fragrance born from carefully selected teas blended with patchouli, amber, and musk.<\/p>\n<div class=\"elementor-element elementor-element-820ce45 product-variation elementor-widget elementor-widget-shortcode animated fadeInUp\" data-id=\"820ce45\" data-element_type=\"widget\" data-settings=\"{&quot;_animation&quot;:&quot;fadeInUp&quot;}\" data-widget_type=\"shortcode.default\"><\/div>","protected":false},"featured_media":8833,"template":"","meta":[],"product_brand":[],"product_cat":[191],"product_tag":[],"class_list":{"0":"post-8915","1":"product","2":"type-product","3":"status-publish","4":"has-post-thumbnail","6":"product_cat-turkish-bath-rituals","8":"first","9":"instock","10":"shipping-taxable","11":"purchasable","12":"product-type-simple"},"_links":{"self":[{"href":"https:\/\/regalien.com\/en\/wp-json\/wp\/v2\/product\/8915","targetHints":{"allow":["GET"]}}],"collection":[{"href":"https:\/\/regalien.com\/en\/wp-json\/wp\/v2\/product"}],"about":[{"href":"https:\/\/regalien.com\/en\/wp-json\/wp\/v2\/types\/product"}],"wp:featuredmedia":[{"embeddable":true,"href":"https:\/\/regalien.com\/en\/wp-json\/wp\/v2\/media\/8833"}],"wp:attachment":[{"href":"https:\/\/regalien.com\/en\/wp-json\/wp\/v2\/media?parent=8915"}],"wp:term":[{"taxonomy":"product_brand","embeddable":true,"href":"https:\/\/regalien.com\/en\/wp-json\/wp\/v2\/product_brand?post=8915"},{"taxonomy":"product_cat","embeddable":true,"href":"https:\/\/regalien.com\/en\/wp-json\/wp\/v2\/product_cat?post=8915"},{"taxonomy":"product_tag","embeddable":true,"href":"https:\/\/regalien.com\/en\/wp-json\/wp\/v2\/product_tag?post=8915"}],"curies":[{"name":"wp","href":"https:\/\/api.w.org\/{rel}","templated":true}]}}