{"id":8960,"date":"2025-05-15T21:25:30","date_gmt":"2025-05-15T21:25:30","guid":{"rendered":"https:\/\/teknodahi.com\/regalien\/?post_type=product&#038;p=8960"},"modified":"2026-05-11T10:25:14","modified_gmt":"2026-05-11T10:25:14","slug":"vanity-oud","status":"publish","type":"product","link":"https:\/\/regalien.com\/en\/product\/vanity-oud\/","title":{"rendered":"Vanity Oud"},"content":{"rendered":"<p><div class=\"fusion-fullwidth fullwidth-box fusion-builder-row-1 fusion-flex-container has-pattern-background has-mask-background nonhundred-percent-fullwidth non-hundred-percent-height-scrolling\" style=\"--awb-border-radius-top-left:0px;--awb-border-radius-top-right:0px;--awb-border-radius-bottom-right:0px;--awb-border-radius-bottom-left:0px;--awb-flex-wrap:wrap;\" ><div class=\"fusion-builder-row fusion-row fusion-flex-align-items-flex-start fusion-flex-content-wrap\" style=\"max-width:1268.8px;margin-left: calc(-4% \/ 2 );margin-right: calc(-4% \/ 2 );\"><div class=\"fusion-layout-column fusion_builder_column fusion-builder-column-0 fusion_builder_column_1_2 1_2 fusion-flex-column fusion-flex-align-self-center\" style=\"--awb-bg-size:cover;--awb-width-large:50%;--awb-margin-top-large:0px;--awb-spacing-right-large:3.84%;--awb-margin-bottom-large:0px;--awb-spacing-left-large:3.84%;--awb-width-medium:50%;--awb-order-medium:0;--awb-spacing-right-medium:3.84%;--awb-spacing-left-medium:3.84%;--awb-width-small:100%;--awb-order-small:0;--awb-spacing-right-small:1.92%;--awb-spacing-left-small:1.92%;\"><div class=\"fusion-column-wrapper fusion-column-has-shadow fusion-flex-justify-content-flex-start fusion-content-layout-column\"><div class=\"fusion-title title fusion-title-1 fusion-sep-none fusion-title-center fusion-title-text fusion-title-size-two fusion-animated\" data-animationtype=\"fadeInUp\" data-animationduration=\"1.0\" data-animationdelay=\"0.5\" data-animationoffset=\"top-into-view\"><h2 class=\"fusion-title-heading title-heading-center fusion-responsive-typography-calculated\" style=\"margin:0;--fontSize:40;line-height:var(--awb-typography1-line-height);\">Olfactory Notes<\/h2><\/div><div class=\"fusion-text fusion-text-1 fusion-animated\" style=\"--awb-content-alignment:center;--awb-text-color:var(--awb-color8);\" data-animationtype=\"fadeInUp\" data-animationduration=\"1.0\" data-animationdelay=\"0.7\" data-animationoffset=\"top-into-view\"><p class=\"\" data-start=\"189\" data-end=\"342\">This unique perfume, with its floral and fruity essence notes carrying distinct layers, tells a different story in every moment.<\/p>\n<p class=\"\" data-start=\"344\" data-end=\"636\">Vanity Oud opens with sweet and vibrant fruits like lychee, plum, and raspberry. It then enriches with delicate florals such as jasmine, lotus flower, orchid, and frangipani. This floral heart gradually leads you into the impressive depth of vanilla, ambergris, cedarwood, and noble agarwood.<\/p>\n<h3 class=\"\" data-start=\"928\" data-end=\"950\"><\/h3>\n<\/div><div class=\"fusion-text fusion-text-2 fusion-animated\" style=\"--awb-content-alignment:center;--awb-text-color:var(--awb-color8);\" data-animationtype=\"fadeInUp\" data-animationduration=\"1.0\" data-animationdelay=\"0.8\" data-animationoffset=\"top-into-view\"><p class=\"\" data-start=\"953\" data-end=\"1020\">Lychee, Plum, Raspberry<\/p>\n<p class=\"\" data-start=\"953\" data-end=\"1020\">Jasmine, Lotus Flower, Orchid, Frangipani<\/p>\n<p class=\"\" data-start=\"953\" data-end=\"1020\">Vanilla, Ambergris, Agarwood, Cedarwood.<\/p>\n<\/div><\/div><\/div><div class=\"fusion-layout-column fusion_builder_column fusion-builder-column-1 fusion_builder_column_1_2 1_2 fusion-flex-column\" style=\"--awb-bg-size:cover;--awb-width-large:50%;--awb-margin-top-large:0px;--awb-spacing-right-large:3.84%;--awb-margin-bottom-large:0px;--awb-spacing-left-large:3.84%;--awb-width-medium:50%;--awb-order-medium:0;--awb-spacing-right-medium:3.84%;--awb-spacing-left-medium:3.84%;--awb-width-small:100%;--awb-order-small:0;--awb-spacing-right-small:1.92%;--awb-spacing-left-small:1.92%;\"><div class=\"fusion-column-wrapper fusion-column-has-shadow fusion-flex-justify-content-flex-start fusion-content-layout-column\"><div class=\"fusion-image-element\" style=\"text-align:center;--awb-caption-title-font-family:var(--h2_typography-font-family);--awb-caption-title-font-weight:var(--h2_typography-font-weight);--awb-caption-title-font-style:var(--h2_typography-font-style);--awb-caption-title-size:var(--h2_typography-font-size);--awb-caption-title-transform:var(--h2_typography-text-transform);--awb-caption-title-line-height:var(--h2_typography-line-height);--awb-caption-title-letter-spacing:var(--h2_typography-letter-spacing);\"><span class=\"fusion-imageframe imageframe-none imageframe-1 hover-type-none\"><img decoding=\"async\" width=\"2560\" height=\"2560\" title=\"VanityOud\" src=\"https:\/\/regalien.com\/wp-content\/uploads\/2026\/05\/VanityOud-scaled.png\" alt class=\"img-responsive wp-image-10246\" srcset=\"https:\/\/regalien.com\/wp-content\/uploads\/2026\/05\/VanityOud-200x200.png 200w, https:\/\/regalien.com\/wp-content\/uploads\/2026\/05\/VanityOud-400x400.png 400w, https:\/\/regalien.com\/wp-content\/uploads\/2026\/05\/VanityOud-600x600.png 600w, https:\/\/regalien.com\/wp-content\/uploads\/2026\/05\/VanityOud-800x800.png 800w, https:\/\/regalien.com\/wp-content\/uploads\/2026\/05\/VanityOud-1200x1200.png 1200w, https:\/\/regalien.com\/wp-content\/uploads\/2026\/05\/VanityOud-scaled.png 2560w\" sizes=\"(max-width: 640px) 100vw, 600px\" \/><\/span><\/div><\/div><\/div><\/div><\/div><div class=\"fusion-fullwidth fullwidth-box fusion-builder-row-2 fusion-flex-container has-pattern-background has-mask-background nonhundred-percent-fullwidth non-hundred-percent-height-scrolling\" style=\"--awb-border-radius-top-left:0px;--awb-border-radius-top-right:0px;--awb-border-radius-bottom-right:0px;--awb-border-radius-bottom-left:0px;--awb-flex-wrap:wrap;\" ><div class=\"fusion-builder-row fusion-row fusion-flex-align-items-flex-start fusion-flex-content-wrap\" style=\"max-width:1268.8px;margin-left: calc(-4% \/ 2 );margin-right: calc(-4% \/ 2 );\"><div class=\"fusion-layout-column fusion_builder_column fusion-builder-column-2 fusion-flex-column\" style=\"--awb-bg-size:cover;--awb-width-large:60%;--awb-margin-top-large:0px;--awb-spacing-right-large:3.2%;--awb-margin-bottom-large:0px;--awb-spacing-left-large:3.2%;--awb-width-medium:60%;--awb-order-medium:0;--awb-spacing-right-medium:3.2%;--awb-spacing-left-medium:3.2%;--awb-width-small:100%;--awb-order-small:0;--awb-spacing-right-small:1.92%;--awb-spacing-left-small:1.92%;\"><div class=\"fusion-column-wrapper fusion-column-has-shadow fusion-flex-justify-content-flex-start fusion-content-layout-column\"><div class=\"fusion-image-element\" style=\"text-align:center;--awb-caption-title-font-family:var(--h2_typography-font-family);--awb-caption-title-font-weight:var(--h2_typography-font-weight);--awb-caption-title-font-style:var(--h2_typography-font-style);--awb-caption-title-size:var(--h2_typography-font-size);--awb-caption-title-transform:var(--h2_typography-text-transform);--awb-caption-title-line-height:var(--h2_typography-line-height);--awb-caption-title-letter-spacing:var(--h2_typography-letter-spacing);\"><span class=\"fusion-imageframe imageframe-none imageframe-2 hover-type-none fusion-animated\" data-animationtype=\"fadeInUp\" data-animationduration=\"1.0\" data-animationdelay=\"0.7\" data-animationoffset=\"top-into-view\"><img decoding=\"async\" width=\"1500\" height=\"1000\" title=\"vanityoud_1\" src=\"https:\/\/regalien.com\/wp-content\/uploads\/2025\/05\/vanityoud_1.jpg\" alt class=\"img-responsive wp-image-8963\" srcset=\"https:\/\/regalien.com\/wp-content\/uploads\/2025\/05\/vanityoud_1-200x133.jpg 200w, https:\/\/regalien.com\/wp-content\/uploads\/2025\/05\/vanityoud_1-400x267.jpg 400w, https:\/\/regalien.com\/wp-content\/uploads\/2025\/05\/vanityoud_1-600x400.jpg 600w, https:\/\/regalien.com\/wp-content\/uploads\/2025\/05\/vanityoud_1-800x533.jpg 800w, https:\/\/regalien.com\/wp-content\/uploads\/2025\/05\/vanityoud_1-1200x800.jpg 1200w, https:\/\/regalien.com\/wp-content\/uploads\/2025\/05\/vanityoud_1.jpg 1500w\" sizes=\"(max-width: 640px) 100vw, 800px\" \/><\/span><\/div><\/div><\/div><div class=\"fusion-layout-column fusion_builder_column fusion-builder-column-3 fusion-flex-column fusion-flex-align-self-center\" style=\"--awb-bg-size:cover;--awb-width-large:40%;--awb-margin-top-large:0px;--awb-spacing-right-large:4.8%;--awb-margin-bottom-large:0px;--awb-spacing-left-large:4.8%;--awb-width-medium:40%;--awb-order-medium:0;--awb-spacing-right-medium:4.8%;--awb-spacing-left-medium:4.8%;--awb-width-small:100%;--awb-order-small:0;--awb-spacing-right-small:1.92%;--awb-spacing-left-small:1.92%;\"><div class=\"fusion-column-wrapper fusion-column-has-shadow fusion-flex-justify-content-flex-start fusion-content-layout-column\"><div class=\"fusion-title title fusion-title-2 fusion-sep-none fusion-title-center fusion-title-text fusion-title-size-two fusion-animated\" data-animationtype=\"fadeInUp\" data-animationduration=\"1.0\" data-animationdelay=\"0.8\" data-animationoffset=\"top-into-view\"><h2 class=\"fusion-title-heading title-heading-center fusion-responsive-typography-calculated\" style=\"margin:0;--fontSize:40;line-height:var(--awb-typography1-line-height);\"><p data-pm-slice=\"1 1 &#091;&#093;\">Layers of Mystery Woven into Elegance; Vanity Oud<\/p><\/h2><\/div><div class=\"fusion-text fusion-text-3 fusion-animated\" style=\"--awb-content-alignment:center;--awb-text-color:var(--awb-color8);\" data-animationtype=\"fadeInUp\" data-animationduration=\"1.0\" data-animationdelay=\"0.7\" data-animationoffset=\"top-into-view\"><p class=\"\" data-start=\"199\" data-end=\"428\">It is a distinguished fragrance that appeals to free-spirited and sophisticated characters who enjoy surprises and feel like they are wearing several different perfumes at once.<\/p>\n<\/div><\/div><\/div><\/div><\/div><\/p>","protected":false},"excerpt":{"rendered":"<p style=\"text-align: center;\">Extrait de Parfum<br \/>\n80 ml<\/p>\n<p style=\"text-align: center;\">Fruity, Floral, Oriental<\/p>\n<p style=\"text-align: center;\">With floral and fruity essence notes, it carries distinct intermediate layers.<\/p>\n<div class=\"elementor-element elementor-element-820ce45 product-variation elementor-widget elementor-widget-shortcode animated fadeInUp\" data-id=\"820ce45\" data-element_type=\"widget\" data-settings=\"{&quot;_animation&quot;:&quot;fadeInUp&quot;}\" data-widget_type=\"shortcode.default\">\n<div class=\"elementor-widget-container\">\n<div class=\"elementor-shortcode\"><\/div>\n<\/div>\n<\/div>\n<div class=\"elementor-element elementor-element-ac5e660 elementor-widget elementor-widget-woocommerce-product-price animated fadeInUp\" data-id=\"ac5e660\" data-element_type=\"widget\" data-settings=\"{&quot;_animation&quot;:&quot;fadeInUp&quot;,&quot;_animation_delay&quot;:200}\" data-widget_type=\"woocommerce-product-price.default\">\n<div class=\"elementor-widget-container\"><\/div>\n<\/div>\n<div class=\"elementor-element elementor-element-820ce45 product-variation elementor-widget elementor-widget-shortcode animated fadeInUp\" data-id=\"820ce45\" data-element_type=\"widget\" data-settings=\"{&quot;_animation&quot;:&quot;fadeInUp&quot;}\" data-widget_type=\"shortcode.default\">\n<div class=\"elementor-widget-container\">\n<div class=\"elementor-shortcode\"><\/div>\n<\/div>\n<\/div>\n<div class=\"elementor-element elementor-element-ac5e660 elementor-widget elementor-widget-woocommerce-product-price animated fadeInUp\" data-id=\"ac5e660\" data-element_type=\"widget\" data-settings=\"{&quot;_animation&quot;:&quot;fadeInUp&quot;,&quot;_animation_delay&quot;:200}\" data-widget_type=\"woocommerce-product-price.default\">\n<div class=\"elementor-widget-container\"><\/div>\n<\/div>","protected":false},"featured_media":10278,"template":"","meta":[],"product_brand":[],"product_cat":[482],"product_tag":[],"class_list":{"0":"post-8960","1":"product","2":"type-product","3":"status-publish","4":"has-post-thumbnail","6":"product_cat-exclusive","8":"first","9":"instock","10":"shipping-taxable","11":"purchasable","12":"product-type-simple"},"yoast_head":"<!-- This site is optimized with the Yoast SEO plugin v27.6 - https:\/\/yoast.com\/product\/yoast-seo-wordpress\/ -->\n<title>Vanity Oud - Regalien<\/title>\n<meta name=\"robots\" content=\"index, follow, max-snippet:-1, max-image-preview:large, max-video-preview:-1\" \/>\n<link rel=\"canonical\" href=\"https:\/\/regalien.com\/en\/product\/vanity-oud\/\" \/>\n<meta property=\"og:locale\" content=\"en_US\" \/>\n<meta property=\"og:type\" content=\"article\" \/>\n<meta property=\"og:title\" content=\"Vanity Oud - Regalien\" \/>\n<meta property=\"og:description\" content=\"Extrait de Parfum 80 ml Meyvemsi, \u00c7i\u00e7eksi, Oryantal \u00c7i\u00e7eksi ve meyvemsi \u00f6zlerden olu\u015fan notalar\u0131 ile farkl\u0131 ara katmanlar ta\u015f\u0131r.\" \/>\n<meta property=\"og:url\" content=\"https:\/\/regalien.com\/en\/product\/vanity-oud\/\" \/>\n<meta property=\"og:site_name\" content=\"Regalien\" \/>\n<meta property=\"article:modified_time\" content=\"2026-05-11T10:25:14+00:00\" \/>\n<meta property=\"og:image\" content=\"https:\/\/regalien.com\/wp-content\/uploads\/2026\/05\/VanityOud_1500x2000.png\" \/>\n\t<meta property=\"og:image:width\" content=\"1500\" \/>\n\t<meta property=\"og:image:height\" content=\"2000\" \/>\n\t<meta property=\"og:image:type\" content=\"image\/png\" \/>\n<meta name=\"twitter:card\" content=\"summary_large_image\" \/>\n<meta name=\"twitter:label1\" content=\"Est. reading time\" \/>\n\t<meta name=\"twitter:data1\" content=\"14 minutes\" \/>\n<script type=\"application\/ld+json\" class=\"yoast-schema-graph\">{\"@context\":\"https:\\\/\\\/schema.org\",\"@graph\":[{\"@type\":\"WebPage\",\"@id\":\"https:\\\/\\\/regalien.com\\\/product\\\/vanity-oud\\\/\",\"url\":\"https:\\\/\\\/regalien.com\\\/product\\\/vanity-oud\\\/\",\"name\":\"Vanity Oud - Regalien\",\"isPartOf\":{\"@id\":\"https:\\\/\\\/regalien.com\\\/#website\"},\"primaryImageOfPage\":{\"@id\":\"https:\\\/\\\/regalien.com\\\/product\\\/vanity-oud\\\/#primaryimage\"},\"image\":{\"@id\":\"https:\\\/\\\/regalien.com\\\/product\\\/vanity-oud\\\/#primaryimage\"},\"thumbnailUrl\":\"https:\\\/\\\/regalien.com\\\/wp-content\\\/uploads\\\/2026\\\/05\\\/VanityOud_1500x2000.png\",\"datePublished\":\"2025-05-15T21:25:30+00:00\",\"dateModified\":\"2026-05-11T10:25:14+00:00\",\"breadcrumb\":{\"@id\":\"https:\\\/\\\/regalien.com\\\/product\\\/vanity-oud\\\/#breadcrumb\"},\"inLanguage\":\"en-US\",\"potentialAction\":[{\"@type\":\"ReadAction\",\"target\":[\"https:\\\/\\\/regalien.com\\\/product\\\/vanity-oud\\\/\"]}]},{\"@type\":\"ImageObject\",\"inLanguage\":\"en-US\",\"@id\":\"https:\\\/\\\/regalien.com\\\/product\\\/vanity-oud\\\/#primaryimage\",\"url\":\"https:\\\/\\\/regalien.com\\\/wp-content\\\/uploads\\\/2026\\\/05\\\/VanityOud_1500x2000.png\",\"contentUrl\":\"https:\\\/\\\/regalien.com\\\/wp-content\\\/uploads\\\/2026\\\/05\\\/VanityOud_1500x2000.png\",\"width\":1500,\"height\":1750},{\"@type\":\"BreadcrumbList\",\"@id\":\"https:\\\/\\\/regalien.com\\\/product\\\/vanity-oud\\\/#breadcrumb\",\"itemListElement\":[{\"@type\":\"ListItem\",\"position\":1,\"name\":\"Home\",\"item\":\"https:\\\/\\\/regalien.com\\\/\"},{\"@type\":\"ListItem\",\"position\":2,\"name\":\"\u00dcr\u00fcnlerimiz\",\"item\":\"https:\\\/\\\/regalien.com\\\/urunlerimiz\\\/\"},{\"@type\":\"ListItem\",\"position\":3,\"name\":\"Vanity Oud\"}]},{\"@type\":\"WebSite\",\"@id\":\"https:\\\/\\\/regalien.com\\\/#website\",\"url\":\"https:\\\/\\\/regalien.com\\\/\",\"name\":\"Regalien\",\"description\":\"\",\"potentialAction\":[{\"@type\":\"SearchAction\",\"target\":{\"@type\":\"EntryPoint\",\"urlTemplate\":\"https:\\\/\\\/regalien.com\\\/?s={search_term_string}\"},\"query-input\":{\"@type\":\"PropertyValueSpecification\",\"valueRequired\":true,\"valueName\":\"search_term_string\"}}],\"inLanguage\":\"en-US\"}]}<\/script>\n<!-- \/ Yoast SEO plugin. -->","yoast_head_json":{"title":"Vanity Oud - Regalien","robots":{"index":"index","follow":"follow","max-snippet":"max-snippet:-1","max-image-preview":"max-image-preview:large","max-video-preview":"max-video-preview:-1"},"canonical":"https:\/\/regalien.com\/en\/product\/vanity-oud\/","og_locale":"en_US","og_type":"article","og_title":"Vanity Oud - Regalien","og_description":"Extrait de Parfum 80 ml Meyvemsi, \u00c7i\u00e7eksi, Oryantal \u00c7i\u00e7eksi ve meyvemsi \u00f6zlerden olu\u015fan notalar\u0131 ile farkl\u0131 ara katmanlar ta\u015f\u0131r.","og_url":"https:\/\/regalien.com\/en\/product\/vanity-oud\/","og_site_name":"Regalien","article_modified_time":"2026-05-11T10:25:14+00:00","og_image":[{"width":1500,"height":2000,"url":"https:\/\/regalien.com\/wp-content\/uploads\/2026\/05\/VanityOud_1500x2000.png","type":"image\/png"}],"twitter_card":"summary_large_image","twitter_misc":{"Est. reading time":"14 minutes"},"schema":{"@context":"https:\/\/schema.org","@graph":[{"@type":"WebPage","@id":"https:\/\/regalien.com\/product\/vanity-oud\/","url":"https:\/\/regalien.com\/product\/vanity-oud\/","name":"Vanity Oud - Regalien","isPartOf":{"@id":"https:\/\/regalien.com\/#website"},"primaryImageOfPage":{"@id":"https:\/\/regalien.com\/product\/vanity-oud\/#primaryimage"},"image":{"@id":"https:\/\/regalien.com\/product\/vanity-oud\/#primaryimage"},"thumbnailUrl":"https:\/\/regalien.com\/wp-content\/uploads\/2026\/05\/VanityOud_1500x2000.png","datePublished":"2025-05-15T21:25:30+00:00","dateModified":"2026-05-11T10:25:14+00:00","breadcrumb":{"@id":"https:\/\/regalien.com\/product\/vanity-oud\/#breadcrumb"},"inLanguage":"en-US","potentialAction":[{"@type":"ReadAction","target":["https:\/\/regalien.com\/product\/vanity-oud\/"]}]},{"@type":"ImageObject","inLanguage":"en-US","@id":"https:\/\/regalien.com\/product\/vanity-oud\/#primaryimage","url":"https:\/\/regalien.com\/wp-content\/uploads\/2026\/05\/VanityOud_1500x2000.png","contentUrl":"https:\/\/regalien.com\/wp-content\/uploads\/2026\/05\/VanityOud_1500x2000.png","width":1500,"height":1750},{"@type":"BreadcrumbList","@id":"https:\/\/regalien.com\/product\/vanity-oud\/#breadcrumb","itemListElement":[{"@type":"ListItem","position":1,"name":"Home","item":"https:\/\/regalien.com\/"},{"@type":"ListItem","position":2,"name":"\u00dcr\u00fcnlerimiz","item":"https:\/\/regalien.com\/urunlerimiz\/"},{"@type":"ListItem","position":3,"name":"Vanity Oud"}]},{"@type":"WebSite","@id":"https:\/\/regalien.com\/#website","url":"https:\/\/regalien.com\/","name":"Regalien","description":"","potentialAction":[{"@type":"SearchAction","target":{"@type":"EntryPoint","urlTemplate":"https:\/\/regalien.com\/?s={search_term_string}"},"query-input":{"@type":"PropertyValueSpecification","valueRequired":true,"valueName":"search_term_string"}}],"inLanguage":"en-US"}]}},"_links":{"self":[{"href":"https:\/\/regalien.com\/en\/wp-json\/wp\/v2\/product\/8960","targetHints":{"allow":["GET"]}}],"collection":[{"href":"https:\/\/regalien.com\/en\/wp-json\/wp\/v2\/product"}],"about":[{"href":"https:\/\/regalien.com\/en\/wp-json\/wp\/v2\/types\/product"}],"wp:featuredmedia":[{"embeddable":true,"href":"https:\/\/regalien.com\/en\/wp-json\/wp\/v2\/media\/10278"}],"wp:attachment":[{"href":"https:\/\/regalien.com\/en\/wp-json\/wp\/v2\/media?parent=8960"}],"wp:term":[{"taxonomy":"product_brand","embeddable":true,"href":"https:\/\/regalien.com\/en\/wp-json\/wp\/v2\/product_brand?post=8960"},{"taxonomy":"product_cat","embeddable":true,"href":"https:\/\/regalien.com\/en\/wp-json\/wp\/v2\/product_cat?post=8960"},{"taxonomy":"product_tag","embeddable":true,"href":"https:\/\/regalien.com\/en\/wp-json\/wp\/v2\/product_tag?post=8960"}],"curies":[{"name":"wp","href":"https:\/\/api.w.org\/{rel}","templated":true}]}}