{"id":9547,"date":"2025-08-30T17:46:02","date_gmt":"2025-08-30T17:46:02","guid":{"rendered":"https:\/\/regalien.com\/?post_type=product&#038;p=9547"},"modified":"2025-10-06T08:14:08","modified_gmt":"2025-10-06T08:14:08","slug":"discoveryset","status":"publish","type":"product","link":"https:\/\/regalien.com\/en\/product\/discoveryset\/","title":{"rendered":"Discovery Set"},"content":{"rendered":"<p><div class=\"fusion-fullwidth fullwidth-box fusion-builder-row-1 fusion-flex-container has-pattern-background has-mask-background nonhundred-percent-fullwidth non-hundred-percent-height-scrolling\" style=\"--awb-border-radius-top-left:0px;--awb-border-radius-top-right:0px;--awb-border-radius-bottom-right:0px;--awb-border-radius-bottom-left:0px;--awb-flex-wrap:wrap;\" ><div class=\"fusion-builder-row fusion-row fusion-flex-align-items-flex-start fusion-flex-content-wrap\" style=\"max-width:1268.8px;margin-left: calc(-4% \/ 2 );margin-right: calc(-4% \/ 2 );\"><div class=\"fusion-layout-column fusion_builder_column fusion-builder-column-0 fusion_builder_column_1_2 1_2 fusion-flex-column fusion-flex-align-self-center\" style=\"--awb-bg-size:cover;--awb-width-large:50%;--awb-margin-top-large:0px;--awb-spacing-right-large:3.84%;--awb-margin-bottom-large:0px;--awb-spacing-left-large:3.84%;--awb-width-medium:50%;--awb-order-medium:0;--awb-spacing-right-medium:3.84%;--awb-spacing-left-medium:3.84%;--awb-width-small:100%;--awb-order-small:0;--awb-spacing-right-small:1.92%;--awb-spacing-left-small:1.92%;\"><div class=\"fusion-column-wrapper fusion-column-has-shadow fusion-flex-justify-content-flex-start fusion-content-layout-column\"><div class=\"fusion-title title fusion-title-1 fusion-sep-none fusion-title-center fusion-title-text fusion-title-size-two fusion-animated\" data-animationtype=\"fadeInUp\" data-animationduration=\"1.0\" data-animationdelay=\"0.5\" data-animationoffset=\"top-into-view\"><h2 class=\"fusion-title-heading title-heading-center fusion-responsive-typography-calculated\" style=\"margin:0;--fontSize:40;line-height:var(--awb-typography1-line-height);\">Your Royal Introduction to R\u00e9galien<\/h2><\/div><div class=\"fusion-text fusion-text-1 fusion-animated\" style=\"--awb-content-alignment:center;--awb-text-color:var(--awb-color8);\" data-animationtype=\"fadeInUp\" data-animationduration=\"1.0\" data-animationdelay=\"0.7\" data-animationoffset=\"top-into-view\"><p class=\"\" data-start=\"189\" data-end=\"342\">R\u00e9galien Ke\u015fif Seti, markam\u0131z\u0131n \u00f6zenle se\u00e7ilmi\u015f parf\u00fcmlerini deneyimlemenin en \u00f6zel yolu. K\u00fclt\u00fcrel miraslardan ilham\u0131ndan do\u011fan, do\u011fu ve bat\u0131n\u0131n senteziyle harmanlanm\u0131\u015f her koleksiyon; her bir deneme boyu \u015fi\u015fede size R\u00e9galien\u2019in kraliyet dokunu\u015funu hissettirir.<\/p>\n<h3 class=\"\" data-start=\"928\" data-end=\"950\"><\/h3>\n<\/div><div class=\"fusion-text fusion-text-2 fusion-animated\" style=\"--awb-content-alignment:center;--awb-text-color:var(--awb-color8);\" data-animationtype=\"fadeInUp\" data-animationduration=\"1.0\" data-animationdelay=\"0.8\" data-animationoffset=\"top-into-view\"><p data-start=\"471\" data-end=\"565\">Try each fragrance on your skin and discover the journey of its notes unfolding over time.<\/p>\n<\/div><\/div><\/div><div class=\"fusion-layout-column fusion_builder_column fusion-builder-column-1 fusion_builder_column_1_2 1_2 fusion-flex-column\" style=\"--awb-bg-size:cover;--awb-width-large:50%;--awb-margin-top-large:0px;--awb-spacing-right-large:3.84%;--awb-margin-bottom-large:0px;--awb-spacing-left-large:3.84%;--awb-width-medium:50%;--awb-order-medium:0;--awb-spacing-right-medium:3.84%;--awb-spacing-left-medium:3.84%;--awb-width-small:100%;--awb-order-small:0;--awb-spacing-right-small:1.92%;--awb-spacing-left-small:1.92%;\"><div class=\"fusion-column-wrapper fusion-column-has-shadow fusion-flex-justify-content-flex-start fusion-content-layout-column\"><div class=\"fusion-image-element\" style=\"--awb-caption-title-font-family:var(--h2_typography-font-family);--awb-caption-title-font-weight:var(--h2_typography-font-weight);--awb-caption-title-font-style:var(--h2_typography-font-style);--awb-caption-title-size:var(--h2_typography-font-size);--awb-caption-title-transform:var(--h2_typography-text-transform);--awb-caption-title-line-height:var(--h2_typography-line-height);--awb-caption-title-letter-spacing:var(--h2_typography-letter-spacing);\"><span class=\"fusion-imageframe imageframe-none imageframe-1 hover-type-none\"><img decoding=\"async\" width=\"2400\" height=\"1350\" title=\"or\" src=\"https:\/\/regalien.com\/wp-content\/uploads\/2025\/05\/or.jpg\" alt class=\"img-responsive wp-image-8616\" srcset=\"https:\/\/regalien.com\/wp-content\/uploads\/2025\/05\/or-200x113.jpg 200w, https:\/\/regalien.com\/wp-content\/uploads\/2025\/05\/or-400x225.jpg 400w, https:\/\/regalien.com\/wp-content\/uploads\/2025\/05\/or-600x338.jpg 600w, https:\/\/regalien.com\/wp-content\/uploads\/2025\/05\/or-800x450.jpg 800w, https:\/\/regalien.com\/wp-content\/uploads\/2025\/05\/or-1200x675.jpg 1200w, https:\/\/regalien.com\/wp-content\/uploads\/2025\/05\/or.jpg 2400w\" sizes=\"(max-width: 640px) 100vw, 600px\" \/><\/span><\/div><\/div><\/div><\/div><\/div><div class=\"fusion-fullwidth fullwidth-box fusion-builder-row-2 fusion-flex-container has-pattern-background has-mask-background nonhundred-percent-fullwidth non-hundred-percent-height-scrolling\" style=\"--awb-border-radius-top-left:0px;--awb-border-radius-top-right:0px;--awb-border-radius-bottom-right:0px;--awb-border-radius-bottom-left:0px;--awb-flex-wrap:wrap;\" ><div class=\"fusion-builder-row fusion-row fusion-flex-align-items-flex-start fusion-flex-content-wrap\" style=\"max-width:1268.8px;margin-left: calc(-4% \/ 2 );margin-right: calc(-4% \/ 2 );\"><div class=\"fusion-layout-column fusion_builder_column fusion-builder-column-2 fusion-flex-column\" style=\"--awb-bg-size:cover;--awb-width-large:60%;--awb-margin-top-large:0px;--awb-spacing-right-large:3.2%;--awb-margin-bottom-large:0px;--awb-spacing-left-large:3.2%;--awb-width-medium:60%;--awb-order-medium:0;--awb-spacing-right-medium:3.2%;--awb-spacing-left-medium:3.2%;--awb-width-small:100%;--awb-order-small:0;--awb-spacing-right-small:1.92%;--awb-spacing-left-small:1.92%;\"><div class=\"fusion-column-wrapper fusion-column-has-shadow fusion-flex-justify-content-flex-start fusion-content-layout-column\"><div class=\"fusion-image-element\" style=\"text-align:center;--awb-caption-title-font-family:var(--h2_typography-font-family);--awb-caption-title-font-weight:var(--h2_typography-font-weight);--awb-caption-title-font-style:var(--h2_typography-font-style);--awb-caption-title-size:var(--h2_typography-font-size);--awb-caption-title-transform:var(--h2_typography-text-transform);--awb-caption-title-line-height:var(--h2_typography-line-height);--awb-caption-title-letter-spacing:var(--h2_typography-letter-spacing);\"><span class=\"fusion-imageframe imageframe-none imageframe-2 hover-type-none fusion-animated\" data-animationtype=\"fadeInUp\" data-animationduration=\"1.0\" data-animationdelay=\"0.7\" data-animationoffset=\"top-into-view\"><img decoding=\"async\" width=\"1500\" height=\"1000\" title=\"11\" src=\"https:\/\/regalien.com\/wp-content\/uploads\/2025\/08\/11.jpg\" alt class=\"img-responsive wp-image-9551\" srcset=\"https:\/\/regalien.com\/wp-content\/uploads\/2025\/08\/11-200x133.jpg 200w, https:\/\/regalien.com\/wp-content\/uploads\/2025\/08\/11-400x267.jpg 400w, https:\/\/regalien.com\/wp-content\/uploads\/2025\/08\/11-600x400.jpg 600w, https:\/\/regalien.com\/wp-content\/uploads\/2025\/08\/11-800x533.jpg 800w, https:\/\/regalien.com\/wp-content\/uploads\/2025\/08\/11-1200x800.jpg 1200w, https:\/\/regalien.com\/wp-content\/uploads\/2025\/08\/11.jpg 1500w\" sizes=\"(max-width: 640px) 100vw, 800px\" \/><\/span><\/div><\/div><\/div><div class=\"fusion-layout-column fusion_builder_column fusion-builder-column-3 fusion-flex-column fusion-flex-align-self-center\" style=\"--awb-bg-size:cover;--awb-width-large:40%;--awb-margin-top-large:0px;--awb-spacing-right-large:4.8%;--awb-margin-bottom-large:0px;--awb-spacing-left-large:4.8%;--awb-width-medium:40%;--awb-order-medium:0;--awb-spacing-right-medium:4.8%;--awb-spacing-left-medium:4.8%;--awb-width-small:100%;--awb-order-small:0;--awb-spacing-right-small:1.92%;--awb-spacing-left-small:1.92%;\"><div class=\"fusion-column-wrapper fusion-column-has-shadow fusion-flex-justify-content-flex-start fusion-content-layout-column\"><div class=\"fusion-title title fusion-title-2 fusion-sep-none fusion-title-center fusion-title-text fusion-title-size-two fusion-animated\" data-animationtype=\"fadeInUp\" data-animationduration=\"1.0\" data-animationdelay=\"0.8\" data-animationoffset=\"top-into-view\"><h2 class=\"fusion-title-heading title-heading-center fusion-responsive-typography-calculated\" style=\"margin:0;--fontSize:40;line-height:var(--awb-typography1-line-height);\"><p data-pm-slice=\"1 1 &#091;&#093;\">What\u2019s Inside the Box?<\/p><\/h2><\/div><div class=\"fusion-text fusion-text-3 fusion-animated\" style=\"--awb-content-alignment:center;--awb-text-color:var(--awb-color8);\" data-animationtype=\"fadeInUp\" data-animationduration=\"1.0\" data-animationdelay=\"0.7\" data-animationoffset=\"top-into-view\"><p data-start=\"865\" data-end=\"913\"><em data-start=\"882\" data-end=\"911\">22 \u00d7 2 ml \/ 0.07 fl oz\u00a0<\/em><\/p>\n<p data-start=\"865\" data-end=\"913\">Heritage Collection<\/p>\n<p data-start=\"865\" data-end=\"913\">Exclusive Collection<\/p>\n<p data-start=\"865\" data-end=\"913\">Turkish Bath Rituals<\/p>\n<p data-start=\"865\" data-end=\"913\">Lucky Collection<\/p>\n<\/div><\/div><\/div><\/div><\/div><\/p>","protected":false},"excerpt":{"rendered":"<p style=\"text-align: center;\">Discovery Set<\/p>\n<p style=\"text-align: center;\">You can experience each fragrance on your skin and feel the notes unfold over time.<\/p>\n<p style=\"text-align: center;\">Discover your favorite fragrance.<\/p>\n<div class=\"elementor-element elementor-element-820ce45 product-variation elementor-widget elementor-widget-shortcode animated fadeInUp\" data-id=\"820ce45\" data-element_type=\"widget\" data-settings=\"{&quot;_animation&quot;:&quot;fadeInUp&quot;}\" data-widget_type=\"shortcode.default\">\n<div class=\"elementor-widget-container\">\n<div class=\"elementor-shortcode\"><\/div>\n<\/div>\n<\/div>\n<div class=\"elementor-element elementor-element-ac5e660 elementor-widget elementor-widget-woocommerce-product-price animated fadeInUp\" data-id=\"ac5e660\" data-element_type=\"widget\" data-settings=\"{&quot;_animation&quot;:&quot;fadeInUp&quot;,&quot;_animation_delay&quot;:200}\" data-widget_type=\"woocommerce-product-price.default\">\n<div class=\"elementor-widget-container\"><\/div>\n<\/div>\n<div class=\"elementor-element elementor-element-820ce45 product-variation elementor-widget elementor-widget-shortcode animated fadeInUp\" data-id=\"820ce45\" data-element_type=\"widget\" data-settings=\"{&quot;_animation&quot;:&quot;fadeInUp&quot;}\" data-widget_type=\"shortcode.default\">\n<div class=\"elementor-widget-container\">\n<div class=\"elementor-shortcode\"><\/div>\n<\/div>\n<\/div>\n<div class=\"elementor-element elementor-element-ac5e660 elementor-widget elementor-widget-woocommerce-product-price animated fadeInUp\" data-id=\"ac5e660\" data-element_type=\"widget\" data-settings=\"{&quot;_animation&quot;:&quot;fadeInUp&quot;,&quot;_animation_delay&quot;:200}\" data-widget_type=\"woocommerce-product-price.default\">\n<div class=\"elementor-widget-container\"><\/div>\n<\/div>","protected":false},"featured_media":9549,"template":"","meta":[],"product_brand":[],"product_cat":[503],"product_tag":[],"class_list":{"0":"post-9547","1":"product","2":"type-product","3":"status-publish","4":"has-post-thumbnail","6":"product_cat-discovery-set","8":"first","9":"instock","10":"shipping-taxable","11":"purchasable","12":"product-type-simple"},"_links":{"self":[{"href":"https:\/\/regalien.com\/en\/wp-json\/wp\/v2\/product\/9547","targetHints":{"allow":["GET"]}}],"collection":[{"href":"https:\/\/regalien.com\/en\/wp-json\/wp\/v2\/product"}],"about":[{"href":"https:\/\/regalien.com\/en\/wp-json\/wp\/v2\/types\/product"}],"wp:featuredmedia":[{"embeddable":true,"href":"https:\/\/regalien.com\/en\/wp-json\/wp\/v2\/media\/9549"}],"wp:attachment":[{"href":"https:\/\/regalien.com\/en\/wp-json\/wp\/v2\/media?parent=9547"}],"wp:term":[{"taxonomy":"product_brand","embeddable":true,"href":"https:\/\/regalien.com\/en\/wp-json\/wp\/v2\/product_brand?post=9547"},{"taxonomy":"product_cat","embeddable":true,"href":"https:\/\/regalien.com\/en\/wp-json\/wp\/v2\/product_cat?post=9547"},{"taxonomy":"product_tag","embeddable":true,"href":"https:\/\/regalien.com\/en\/wp-json\/wp\/v2\/product_tag?post=9547"}],"curies":[{"name":"wp","href":"https:\/\/api.w.org\/{rel}","templated":true}]}}